{"id":428,"date":"2020-08-03T14:48:46","date_gmt":"2020-08-03T14:48:46","guid":{"rendered":"http:\/\/3260.com.ar\/web\/?page_id=428"},"modified":"2020-09-22T12:23:28","modified_gmt":"2020-09-22T12:23:28","slug":"nosotros","status":"publish","type":"page","link":"https:\/\/3260.com.ar\/web\/nosotros\/","title":{"rendered":"Nosotros"},"content":{"rendered":"\n<figure class=\"wp-block-video aligncenter\"><video autoplay controls src=\"http:\/\/3260.com.ar\/web\/wp-content\/uploads\/2020\/09\/3260_intro-1.mp4\"><\/video><\/figure>\n\n\n\n<h2 class=\"wp-block-heading\">Nuestro equipo<\/h2>\n\n\n\n<p>Somos un grupo de profesionales del Periodismo con d\u00e9cadas de trayectoria en la gesti\u00f3n integral de la comunicaci\u00f3n.<br>Creemos en el poder cultural e hist\u00f3rico que la informaci\u00f3n le brinda a la sociedad as\u00ed como en la libertad que el periodismo le otorga al ciudadano para su obrar diario.<br>Nos une la voluntad de trabajo conjunto y el respeto fiel a los valores del cooperativismo: ayuda mutua, responsabilidad, democracia, igualdad, equidad y solidaridad.<\/p>\n\n\n\n<h2 class=\"wp-block-heading\">Nuestra misi\u00f3n<\/h2>\n\n\n\n<p>Informar, formar y entretener a la regi\u00f3n sobre la rica tem\u00e1tica cultural, deportiva, educacional y tur\u00edstica que posee nuestra tierra, destacando a sus protagonistas hist\u00f3ricos y actuales, y fomentando el sentido de pertenencia a trav\u00e9s del conocimiento.<\/p>\n\n\n\n<h2 class=\"wp-block-heading\">Nuestros valores<\/h2>\n\n\n\n<p>Nuestros valores fundamentales son la \u00e9tica, el profesionalismo, la veracidad, la imparcialidad, el trabajo en equipo, el respeto a la diversidad y el acuerdo absoluto con los valores del Cooperativismo<\/p>\n\n\n\n<h2 class=\"wp-block-heading\">Nuestro origen<\/h2>\n\n\n\n<p>La Agencia de Noticias 3260 es un servicio multimedial producido por la <a href=\"http:\/\/www.cooperativa9deoctubre.com.ar\" target=\"_blank\" rel=\"noreferrer noopener\">Cooperativa de Trabajo \u00ab9 de Octubre\u00bb Limitada<\/a>.<\/p>\n\n\n\n<div class=\"wp-block-image\"><figure class=\"aligncenter size-large\"><img loading=\"lazy\" decoding=\"async\" width=\"1024\" height=\"577\" src=\"http:\/\/3260.com.ar\/web\/wp-content\/uploads\/2020\/09\/grabacion-1-1024x577.png\" alt=\"\" class=\"wp-image-1249\" srcset=\"https:\/\/3260.com.ar\/web\/wp-content\/uploads\/2020\/09\/grabacion-1-1024x577.png 1024w, https:\/\/3260.com.ar\/web\/wp-content\/uploads\/2020\/09\/grabacion-1-300x169.png 300w, https:\/\/3260.com.ar\/web\/wp-content\/uploads\/2020\/09\/grabacion-1-768x433.png 768w, https:\/\/3260.com.ar\/web\/wp-content\/uploads\/2020\/09\/grabacion-1.png 1076w\" sizes=\"auto, (max-width: 1024px) 100vw, 1024px\" \/><\/figure><\/div>\n\n\n\n<p><\/p>\n","protected":false},"excerpt":{"rendered":"<p>Nuestro equipo Somos un grupo de profesionales del Periodismo con d\u00e9cadas de trayectoria en la gesti\u00f3n integral de la comunicaci\u00f3n.Creemos en el poder cultural e hist\u00f3rico que la informaci\u00f3n le brinda a la sociedad as\u00ed como en la libertad que el periodismo le otorga al ciudadano para su obrar diario.Nos une la voluntad de trabajo [&hellip;]<\/p>\n","protected":false},"author":2,"featured_media":0,"parent":0,"menu_order":0,"comment_status":"closed","ping_status":"closed","template":"","meta":{"footnotes":""},"class_list":["post-428","page","type-page","status-publish","hentry"],"jetpack_sharing_enabled":true,"_links":{"self":[{"href":"https:\/\/3260.com.ar\/web\/wp-json\/wp\/v2\/pages\/428","targetHints":{"allow":["GET"]}}],"collection":[{"href":"https:\/\/3260.com.ar\/web\/wp-json\/wp\/v2\/pages"}],"about":[{"href":"https:\/\/3260.com.ar\/web\/wp-json\/wp\/v2\/types\/page"}],"author":[{"embeddable":true,"href":"https:\/\/3260.com.ar\/web\/wp-json\/wp\/v2\/users\/2"}],"replies":[{"embeddable":true,"href":"https:\/\/3260.com.ar\/web\/wp-json\/wp\/v2\/comments?post=428"}],"version-history":[{"count":0,"href":"https:\/\/3260.com.ar\/web\/wp-json\/wp\/v2\/pages\/428\/revisions"}],"wp:attachment":[{"href":"https:\/\/3260.com.ar\/web\/wp-json\/wp\/v2\/media?parent=428"}],"curies":[{"name":"wp","href":"https:\/\/api.w.org\/{rel}","templated":true}]}}